{"id":67,"date":"2014-05-03T17:54:38","date_gmt":"2014-05-03T17:54:38","guid":{"rendered":"http:\/\/siind.com\/?page_id=67"},"modified":"2014-05-24T20:34:43","modified_gmt":"2014-05-24T20:34:43","slug":"cursos-2","status":"publish","type":"page","link":"https:\/\/siind.com\/?page_id=67","title":{"rendered":"Cursos SiiND"},"content":{"rendered":"<p style=\"text-align: justify;\"><img decoding=\"async\" loading=\"lazy\" class=\"alignnone wp-image-89 size-full\" src=\"http:\/\/siind.com\/wp-content\/uploads\/2014\/05\/cursos1.jpg\" alt=\"cursos1\" width=\"1024\" height=\"81\" srcset=\"https:\/\/siind.com\/wp-content\/uploads\/2014\/05\/cursos1.jpg 1024w, https:\/\/siind.com\/wp-content\/uploads\/2014\/05\/cursos1-300x23.jpg 300w\" sizes=\"(max-width: 1024px) 100vw, 1024px\" \/><\/p>\n<p style=\"text-align: justify;\">\n\t\t<div class='et-pricing clearfix'>\n\t\t\t<p style=\"text-align: justify;\">\n\t\t<div class='pricing-table'>\n\t\t\t<div class='pricing-table-wrap'>\n\t\t\t\t<div class='pricing-heading'>\n\t\t\t\t\t<h2 class='pricing-title'>ART<\/h2>\n\t\t\t\t\t<p>AN\u00c1LISIS DE RIESGO EN EL TRABAJO<\/p>\n\t\t\t\t<\/div> <!-- end .pricing-heading -->\n\n\t\t\t\t<div class='pricing-content'>\n\t\t\t\t\t<ul class='pricing'>\n\t\t\t\t\t\t<li>Descripci\u00f3n del tipo de riesgo\u00a0<span class='pricing-mark'><\/span><\/li> <li>Frecuencia de exposici\u00f3n\u00a0<span class='pricing-mark'><\/span><\/li> <li>Severidad\u00a0<span class='pricing-mark'><\/span><\/li> <li>Probabilidad\u00a0<span class='pricing-mark'><\/span><\/li> <li>Entrenamiento requerido<span class='pricing-mark'><\/span><\/li>\n\t\t\t\t\t<\/ul>\n\t\t\t\t<\/div> <!-- end .pricing-content -->\n\n\t\t\t\t<div class='pricing-content-bottom'>\n\t\t\t\t\t<span class='et-price'><span class='dollar-sign'>\u00a1<\/span>Info!<sup><\/sup><\/span>\n\t\t\t\t<\/div> <!-- end .pricing-content-bottom -->\n\n\t\t\t\t<a href='http:\/\/siind.com\/?page_id=14' class='icon-button'>Aqu\u00ed<\/a>\n\t\t\t<\/div> <!-- end .pricing-table-wrap -->\n\t\t<\/div> <!-- end .pricing-table --><\/p>\n<p style=\"text-align: justify;\">\n\t\t<div class='pricing-table'>\n\t\t\t<div class='pricing-table-wrap'>\n\t\t\t\t<div class='pricing-heading'>\n\t\t\t\t\t<h2 class='pricing-title'>AE<\/h2>\n\t\t\t\t\t<p>ACCIONES NECESARIAS A REALIZAR DURANTE UNA EMERGENCIA <\/p>\n\t\t\t\t<\/div> <!-- end .pricing-heading -->\n\n\t\t\t\t<div class='pricing-content'>\n\t\t\t\t\t<ul class='pricing'>\n\t\t\t\t\t\t<li>Procedimiento para la evacuaci\u00f3n del inmueble<span class='pricing-mark'><\/span><\/li> <li>Procedimiento para la atenci\u00f3n de primeros auxilios<span class='pricing-mark'><\/span><\/li> <li>Procedimiento para a la atenci\u00f3n de amenaza de bomba\u00a0<span class='pricing-mark'><\/span><\/li> <li>Procedimiento para el combate de incendios<span class='pricing-mark'><\/span><\/li>\n\t\t\t\t\t<\/ul>\n\t\t\t\t<\/div> <!-- end .pricing-content -->\n\n\t\t\t\t<div class='pricing-content-bottom'>\n\t\t\t\t\t<span class='et-price'><span class='dollar-sign'>\u00a1<\/span>Info!<sup><\/sup><\/span>\n\t\t\t\t<\/div> <!-- end .pricing-content-bottom -->\n\n\t\t\t\t<a href='http:\/\/siind.com\/?page_id=14' class='icon-button'>Aqu\u00ed<\/a>\n\t\t\t<\/div> <!-- end .pricing-table-wrap -->\n\t\t<\/div> <!-- end .pricing-table --><\/p>\n<p style=\"text-align: justify;\">\n\t\t<div class='pricing-table'>\n\t\t\t<div class='pricing-table-wrap'>\n\t\t\t\t<div class='pricing-heading'>\n\t\t\t\t\t<h2 class='pricing-title'>CE<\/h2>\n\t\t\t\t\t<p>CANDADEO Y ETIQUETADO <\/p>\n\t\t\t\t<\/div> <!-- end .pricing-heading -->\n\n\t\t\t\t<div class='pricing-content'>\n\t\t\t\t\t<ul class='pricing'>\n\t\t\t\t\t\t<li>Procedimientos para candadeo\/etiquetado<span class='pricing-mark'><\/span><\/li> <li>Procedimientos de control de energ\u00eda peligrosa<span class='pricing-mark'><\/span><\/li> <li>M\u00e9todos de aislamiento<span class='pricing-mark'><\/span><\/li> <li>Tipos de candadeo\/etiquetado<span class='pricing-mark'><\/span><\/li>\n\t\t\t\t\t<\/ul>\n\t\t\t\t<\/div> <!-- end .pricing-content -->\n\n\t\t\t\t<div class='pricing-content-bottom'>\n\t\t\t\t\t<span class='et-price'><span class='dollar-sign'>\u00a1<\/span>Info!<sup><\/sup><\/span>\n\t\t\t\t<\/div> <!-- end .pricing-content-bottom -->\n\n\t\t\t\t<a href='http:\/\/siind.com\/?page_id=14' class='icon-button'>Aqu\u00ed<\/a>\n\t\t\t<\/div> <!-- end .pricing-table-wrap -->\n\t\t<\/div> <!-- end .pricing-table --><\/p>\n<p style=\"text-align: justify;\">\n\t\t<div class='pricing-table'>\n\t\t\t<div class='pricing-table-wrap'>\n\t\t\t\t<div class='pricing-heading'>\n\t\t\t\t\t<h2 class='pricing-title'>PA<\/h2>\n\t\t\t\t\t<p>CURSO B\u00c1SICO DE PRIMEROS AUXILIOS <\/p>\n\t\t\t\t<\/div> <!-- end .pricing-heading -->\n\n\t\t\t\t<div class='pricing-content'>\n\t\t\t\t\t<ul class='pricing'>\n\t\t\t\t\t\t<li>Acciones b\u00e1sicas del brigadista<span class='pricing-mark'><\/span><\/li> <li>Reconocimiento de la escena<span class='pricing-mark'><\/span><\/li> <li>Reconocimiento primario de la victima<span class='pricing-mark'><\/span><\/li> <li>Verificaci\u00f3n del A.B.C.<span class='pricing-mark'><\/span><\/li> <li>Reglas para aplicar en toda urgencia.<span class='pricing-mark'><\/span><\/li> <li>Clasificaci\u00f3n de heridas<span class='pricing-mark'><\/span><\/li>\n\t\t\t\t\t<\/ul>\n\t\t\t\t<\/div> <!-- end .pricing-content -->\n\n\t\t\t\t<div class='pricing-content-bottom'>\n\t\t\t\t\t<span class='et-price'><span class='dollar-sign'>\u00a1<\/span>Info!<sup><\/sup><\/span>\n\t\t\t\t<\/div> <!-- end .pricing-content-bottom -->\n\n\t\t\t\t<a href='http:\/\/siind.com\/?page_id=14' class='icon-button'>Aqu\u00ed<\/a>\n\t\t\t<\/div> <!-- end .pricing-table-wrap -->\n\t\t<\/div> <!-- end .pricing-table --><\/p>\n<p style=\"text-align: justify;\">\n\t\t<\/div> <!-- end .et-pricing --><\/p>\n<p style=\"text-align: justify;\"><img decoding=\"async\" loading=\"lazy\" class=\"alignnone size-full wp-image-91\" src=\"http:\/\/siind.com\/wp-content\/uploads\/2014\/05\/cursos2.jpg\" alt=\"cursos2\" width=\"1024\" height=\"81\" srcset=\"https:\/\/siind.com\/wp-content\/uploads\/2014\/05\/cursos2.jpg 1024w, https:\/\/siind.com\/wp-content\/uploads\/2014\/05\/cursos2-300x23.jpg 300w\" sizes=\"(max-width: 1024px) 100vw, 1024px\" \/><\/p>\n<p style=\"text-align: justify;\">\n\t\t<div class='et-pricing clearfix'>\n\t\t\t<p style=\"text-align: justify;\">\n\t\t<div class='pricing-table'>\n\t\t\t<div class='pricing-table-wrap'>\n\t\t\t\t<div class='pricing-heading'>\n\t\t\t\t\t<h2 class='pricing-title'>EPP<\/h2>\n\t\t\t\t\t<p>EQUIPO DE PROTECCI\u00d3N PERSONAL<\/p>\n\t\t\t\t<\/div> <!-- end .pricing-heading -->\n\n\t\t\t\t<div class='pricing-content'>\n\t\t\t\t\t<ul class='pricing'>\n\t\t\t\t\t\t<li>Requerimientos generales<span class='pricing-mark'><\/span><\/li> <li>Evaluaci\u00f3n de los peligros<span class='pricing-mark'><\/span><\/li> <li>Fuentes de los peligros<span class='pricing-mark'><\/span><\/li> <li>Equipos de protecci\u00f3n personal EPP<span class='pricing-mark'><\/span><\/li>\n\t\t\t\t\t<\/ul>\n\t\t\t\t<\/div> <!-- end .pricing-content -->\n\n\t\t\t\t<div class='pricing-content-bottom'>\n\t\t\t\t\t<span class='et-price'><span class='dollar-sign'>\u00a1<\/span>Info!<sup><\/sup><\/span>\n\t\t\t\t<\/div> <!-- end .pricing-content-bottom -->\n\n\t\t\t\t<a href='http:\/\/siind.com\/?page_id=14' class='icon-button'>Aqu\u00ed<\/a>\n\t\t\t<\/div> <!-- end .pricing-table-wrap -->\n\t\t<\/div> <!-- end .pricing-table --><\/p>\n<p style=\"text-align: justify;\">\n\t\t<div class='pricing-table'>\n\t\t\t<div class='pricing-table-wrap'>\n\t\t\t\t<div class='pricing-heading'>\n\t\t\t\t\t<h2 class='pricing-title'>EC<\/h2>\n\t\t\t\t\t<p>ESPACIOS CONFINADOS<\/p>\n\t\t\t\t<\/div> <!-- end .pricing-heading -->\n\n\t\t\t\t<div class='pricing-content'>\n\t\t\t\t\t<ul class='pricing'>\n\t\t\t\t\t\t<li>Identificaci\u00f3n de espacios confinados<span class='pricing-mark'><\/span><\/li> <li>Procedimientos del control de energ\u00eda<span class='pricing-mark'><\/span><\/li> <li>Agentes que matan<span class='pricing-mark'><\/span><\/li><li>Descripci\u00f3n y Responsabilidades del Personal<span class='pricing-mark'><\/span><\/li><li>Provisiones para rescate<span class='pricing-mark'><\/span><\/li>\n\t\t\t\t\t<\/ul>\n\t\t\t\t<\/div> <!-- end .pricing-content -->\n\n\t\t\t\t<div class='pricing-content-bottom'>\n\t\t\t\t\t<span class='et-price'><span class='dollar-sign'>\u00a1<\/span>Info!<sup><\/sup><\/span>\n\t\t\t\t<\/div> <!-- end .pricing-content-bottom -->\n\n\t\t\t\t<a href='http:\/\/siind.com\/?page_id=14' class='icon-button'>Aqu\u00ed<\/a>\n\t\t\t<\/div> <!-- end .pricing-table-wrap -->\n\t\t<\/div> <!-- end .pricing-table --><\/p>\n<p style=\"text-align: justify;\">\n\t\t<div class='pricing-table'>\n\t\t\t<div class='pricing-table-wrap'>\n\t\t\t\t<div class='pricing-heading'>\n\t\t\t\t\t<h2 class='pricing-title'>FB<\/h2>\n\t\t\t\t\t<p>FORMACI\u00d3N DE BRIGADAS<\/p>\n\t\t\t\t<\/div> <!-- end .pricing-heading -->\n\n\t\t\t\t<div class='pricing-content'>\n\t\t\t\t\t<ul class='pricing'>\n\t\t\t\t\t\t<li>Como organizar una brigada<span class='pricing-mark'><\/span><\/li> <li>Tipos de brigadas<span class='pricing-mark'><\/span><\/li> <li>Caracter\u00edsticas de los brigadistas<span class='pricing-mark'><\/span><\/li> <li>Funciones generales de los brigadistas<span class='pricing-mark'><\/span><\/li> <li>Plan de emergencias<span class='pricing-mark'><\/span><\/li>\n\t\t\t\t\t<\/ul>\n\t\t\t\t<\/div> <!-- end .pricing-content -->\n\n\t\t\t\t<div class='pricing-content-bottom'>\n\t\t\t\t\t<span class='et-price'><span class='dollar-sign'>\u00a1<\/span>Info!<sup><\/sup><\/span>\n\t\t\t\t<\/div> <!-- end .pricing-content-bottom -->\n\n\t\t\t\t<a href='http:\/\/siind.com\/?page_id=14' class='icon-button'>Aqu\u00ed<\/a>\n\t\t\t<\/div> <!-- end .pricing-table-wrap -->\n\t\t<\/div> <!-- end .pricing-table --><\/p>\n<p style=\"text-align: justify;\">\n\t\t<div class='pricing-table'>\n\t\t\t<div class='pricing-table-wrap'>\n\t\t\t\t<div class='pricing-heading'>\n\t\t\t\t\t<h2 class='pricing-title'>MC<\/h2>\n\t\t\t\t\t<p>MANEJO DE CILINDROS<\/p>\n\t\t\t\t<\/div> <!-- end .pricing-heading -->\n\n\t\t\t\t<div class='pricing-content'>\n\t\t\t\t\t<ul class='pricing'>\n\t\t\t\t\t\t<li>Tipos de cilindros<span class='pricing-mark'><\/span><\/li> <li>Dispositivos de seguridad<span class='pricing-mark'><\/span><\/li> <li>Almacenamiento de cilindros<span class='pricing-mark'><\/span><\/li> <li>Seguridad en los cilindros<span class='pricing-mark'><\/span><\/li>\n\t\t\t\t\t<\/ul>\n\t\t\t\t<\/div> <!-- end .pricing-content -->\n\n\t\t\t\t<div class='pricing-content-bottom'>\n\t\t\t\t\t<span class='et-price'><span class='dollar-sign'>\u00a1<\/span>Info!<sup><\/sup><\/span>\n\t\t\t\t<\/div> <!-- end .pricing-content-bottom -->\n\n\t\t\t\t<a href='http:\/\/siind.com\/?page_id=14' class='icon-button'>Aqu\u00ed<\/a>\n\t\t\t<\/div> <!-- end .pricing-table-wrap -->\n\t\t<\/div> <!-- end .pricing-table --><\/p>\n<p style=\"text-align: justify;\">\n\t\t<\/div> <!-- end .et-pricing --><\/p>\n<p style=\"text-align: justify;\"><img decoding=\"async\" loading=\"lazy\" class=\"alignnone size-full wp-image-98\" src=\"http:\/\/siind.com\/wp-content\/uploads\/2014\/05\/cursos3.jpg\" alt=\"cursos3\" width=\"1024\" height=\"81\" srcset=\"https:\/\/siind.com\/wp-content\/uploads\/2014\/05\/cursos3.jpg 1024w, https:\/\/siind.com\/wp-content\/uploads\/2014\/05\/cursos3-300x23.jpg 300w\" sizes=\"(max-width: 1024px) 100vw, 1024px\" \/><\/p>\n<p style=\"text-align: justify;\">\n\t\t<div class='et-pricing clearfix'>\n\t\t\t<p style=\"text-align: justify;\">\n\t\t<div class='pricing-table'>\n\t\t\t<div class='pricing-table-wrap'>\n\t\t\t\t<div class='pricing-heading'>\n\t\t\t\t\t<h2 class='pricing-title'>MSQP<\/h2>\n\t\t\t\t\t<p>MANEJO DE SUSTANCIAS QU\u00cdMICAS PELIGROSAS<\/p>\n\t\t\t\t<\/div> <!-- end .pricing-heading -->\n\n\t\t\t\t<div class='pricing-content'>\n\t\t\t\t\t<ul class='pricing'>\n\t\t\t\t\t\t<li>Clasificaci\u00f3n de las sustancias qu\u00edmicas peligrosas<span class='pricing-mark'><\/span><\/li> <li>Condiciones de seguridad en el manejo de sustancias qu\u00edmicas peligrosas<span class='pricing-mark'><\/span><\/li> <li>Determinaci\u00f3n del grado de riesgo\u00a0<span class='pricing-mark'><\/span><\/li> <li>Identificaci\u00f3n y se\u00f1alizaci\u00f3n de las sustancias qu\u00edmicas<span class='pricing-mark'><\/span><\/li> <li>Respuesta a emergencias con materiales peligrosos<span class='pricing-mark'><\/span><\/li> <li>Formaci\u00f3n de una brigada de respuesta a emergencias qu\u00edmicas<span class='pricing-mark'><\/span><\/li>\n\t\t\t\t\t<\/ul>\n\t\t\t\t<\/div> <!-- end .pricing-content -->\n\n\t\t\t\t<div class='pricing-content-bottom'>\n\t\t\t\t\t<span class='et-price'><span class='dollar-sign'>\u00a1<\/span>Info!<sup><\/sup><\/span>\n\t\t\t\t<\/div> <!-- end .pricing-content-bottom -->\n\n\t\t\t\t<a href='http:\/\/siind.com\/?page_id=14' class='icon-button'>Aqu\u00ed<\/a>\n\t\t\t<\/div> <!-- end .pricing-table-wrap -->\n\t\t<\/div> <!-- end .pricing-table --><\/p>\n<p style=\"text-align: justify;\">\n\t\t<div class='pricing-table'>\n\t\t\t<div class='pricing-table-wrap'>\n\t\t\t\t<div class='pricing-heading'>\n\t\t\t\t\t<h2 class='pricing-title'>MSM<\/h2>\n\t\t\t\t\t<p>MANEJO SEGURO DE MONTACARGAS<\/p>\n\t\t\t\t<\/div> <!-- end .pricing-heading -->\n\n\t\t\t\t<div class='pricing-content'>\n\t\t\t\t\t<ul class='pricing'>\n\t\t\t\t\t\t<li>Tipos de montacargas<span class='pricing-mark'><\/span><\/li> <li>Principios b\u00e1sicos<span class='pricing-mark'><\/span><\/li> <li>Estabilidad y dise\u00f1o de los montacargas<span class='pricing-mark'><\/span><\/li> <li>An\u00e1lisis de seguridad en el trabajo<span class='pricing-mark'><\/span><\/li> <li>Ejercicios de entrenamiento<span class='pricing-mark'><\/span><\/li>\n\t\t\t\t\t<\/ul>\n\t\t\t\t<\/div> <!-- end .pricing-content -->\n\n\t\t\t\t<div class='pricing-content-bottom'>\n\t\t\t\t\t<span class='et-price'><span class='dollar-sign'>\u00a1<\/span>Info!<sup><\/sup><\/span>\n\t\t\t\t<\/div> <!-- end .pricing-content-bottom -->\n\n\t\t\t\t<a href='http:\/\/siind.com\/?page_id=14' class='icon-button'>Aqu\u00ed<\/a>\n\t\t\t<\/div> <!-- end .pricing-table-wrap -->\n\t\t<\/div> <!-- end .pricing-table --><\/p>\n<p style=\"text-align: justify;\">\n\t\t<div class='pricing-table'>\n\t\t\t<div class='pricing-table-wrap'>\n\t\t\t\t<div class='pricing-heading'>\n\t\t\t\t\t<h2 class='pricing-title'>PPCI<\/h2>\n\t\t\t\t\t<p>PREVENCI\u00d3N Y PROTECCI\u00d3N CONTRA INCENDIOS<\/p>\n\t\t\t\t<\/div> <!-- end .pricing-heading -->\n\n\t\t\t\t<div class='pricing-content'>\n\t\t\t\t\t<ul class='pricing'>\n\t\t\t\t\t\t<li>Composici\u00f3n qu\u00edmica del fuego<span class='pricing-mark'><\/span><\/li> <li>Clasificaci\u00f3n por tipo de fuego<span class='pricing-mark'><\/span><\/li> <li>Formas de propagaci\u00f3n del fuego<span class='pricing-mark'><\/span><\/li> <li>Control y extinci\u00f3n del fuego<span class='pricing-mark'><\/span><\/li> <li>Sistemas para combate de incendios<span class='pricing-mark'><\/span><\/li> <li>Prevenci\u00f3n<span class='pricing-mark'><\/span><\/li>\n\t\t\t\t\t<\/ul>\n\t\t\t\t<\/div> <!-- end .pricing-content -->\n\n\t\t\t\t<div class='pricing-content-bottom'>\n\t\t\t\t\t<span class='et-price'><span class='dollar-sign'>\u00a1<\/span>Info!<sup><\/sup><\/span>\n\t\t\t\t<\/div> <!-- end .pricing-content-bottom -->\n\n\t\t\t\t<a href='http:\/\/siind.com\/?page_id=14' class='icon-button'>Aqu\u00ed<\/a>\n\t\t\t<\/div> <!-- end .pricing-table-wrap -->\n\t\t<\/div> <!-- end .pricing-table --><\/p>\n<p style=\"text-align: justify;\">\n\t\t<div class='pricing-table'>\n\t\t\t<div class='pricing-table-wrap'>\n\t\t\t\t<div class='pricing-heading'>\n\t\t\t\t\t<h2 class='pricing-title'>PC<\/h2>\n\t\t\t\t\t<p>PROTECCI\u00d3N CIVIL<\/p>\n\t\t\t\t<\/div> <!-- end .pricing-heading -->\n\n\t\t\t\t<div class='pricing-content'>\n\t\t\t\t\t<ul class='pricing'>\n\t\t\t\t\t\t<li>Prevenci\u00f3n, medidas para la prevenci\u00f3n de un evento<span class='pricing-mark'><\/span><\/li> <li>Organizaci\u00f3n de acciones preventivas, Integraci\u00f3n de brigadas<span class='pricing-mark'><\/span><\/li> <li>Auxilio, que hacer durante una emergencia<span class='pricing-mark'><\/span><\/li> <li>Restablecimiento, acciones para reparar los da\u00f1os despu\u00e9s de un evento<span class='pricing-mark'><\/span><\/li>\n\t\t\t\t\t<\/ul>\n\t\t\t\t<\/div> <!-- end .pricing-content -->\n\n\t\t\t\t<div class='pricing-content-bottom'>\n\t\t\t\t\t<span class='et-price'><span class='dollar-sign'>\u00a1<\/span>Info!<sup><\/sup><\/span>\n\t\t\t\t<\/div> <!-- end .pricing-content-bottom -->\n\n\t\t\t\t<a href='http:\/\/siind.com\/?page_id=14' class='icon-button'>Aqu\u00ed<\/a>\n\t\t\t<\/div> <!-- end .pricing-table-wrap -->\n\t\t<\/div> <!-- end .pricing-table --><\/p>\n<p style=\"text-align: justify;\">\n\t\t<\/div> <!-- end .et-pricing --><\/p>\n<p style=\"text-align: justify;\"><img decoding=\"async\" loading=\"lazy\" class=\"alignnone size-full wp-image-100\" src=\"http:\/\/siind.com\/wp-content\/uploads\/2014\/05\/cursos4.jpg\" alt=\"cursos4\" width=\"1024\" height=\"81\" srcset=\"https:\/\/siind.com\/wp-content\/uploads\/2014\/05\/cursos4.jpg 1024w, https:\/\/siind.com\/wp-content\/uploads\/2014\/05\/cursos4-300x23.jpg 300w\" sizes=\"(max-width: 1024px) 100vw, 1024px\" \/><\/p>\n<p style=\"text-align: justify;\">\n\t\t<div class='et-pricing clearfix'>\n\t\t\t<p style=\"text-align: justify;\">\n\t\t<div class='pricing-table'>\n\t\t\t<div class='pricing-table-wrap'>\n\t\t\t\t<div class='pricing-heading'>\n\t\t\t\t\t<h2 class='pricing-title'>RSP<\/h2>\n\t\t\t\t\t<p>RECIPIENTES SUJETOS A PRESI\u00d3N<\/p>\n\t\t\t\t<\/div> <!-- end .pricing-heading -->\n\n\t\t\t\t<div class='pricing-content'>\n\t\t\t\t\t<ul class='pricing'>\n\t\t\t\t\t\t<li>Clasificaci\u00f3n<span class='pricing-mark'><\/span><\/li> <li>Obligaciones del patr\u00f3n<span class='pricing-mark'><\/span><\/li> <li>Procedimientos para la operaci\u00f3n de los equipos<span class='pricing-mark'><\/span><\/li> <li>Condiciones de seguridad de los equipos<span class='pricing-mark'><\/span><\/li> <li>Plan de atenci\u00f3n a emergencias<span class='pricing-mark'><\/span><\/li> <li>Capacitaci\u00f3n<span class='pricing-mark'><\/span><\/li>\n\t\t\t\t\t<\/ul>\n\t\t\t\t<\/div> <!-- end .pricing-content -->\n\n\t\t\t\t<div class='pricing-content-bottom'>\n\t\t\t\t\t<span class='et-price'><span class='dollar-sign'>\u00a1<\/span>Info!<sup><\/sup><\/span>\n\t\t\t\t<\/div> <!-- end .pricing-content-bottom -->\n\n\t\t\t\t<a href='http:\/\/siind.com\/?page_id=14' class='icon-button'>Aqu\u00ed<\/a>\n\t\t\t<\/div> <!-- end .pricing-table-wrap -->\n\t\t<\/div> <!-- end .pricing-table --><\/p>\n<p style=\"text-align: justify;\">\n\t\t<div class='pricing-table'>\n\t\t\t<div class='pricing-table-wrap'>\n\t\t\t\t<div class='pricing-heading'>\n\t\t\t\t\t<h2 class='pricing-title'>REDQ<\/h2>\n\t\t\t\t\t<p>RESPUESTA A EMERGENCIAS EN DERRAMES QU\u00cdMICOS <\/p>\n\t\t\t\t<\/div> <!-- end .pricing-heading -->\n\n\t\t\t\t<div class='pricing-content'>\n\t\t\t\t\t<ul class='pricing'>\n\t\t\t\t\t\t<li>Concientizaci\u00f3n del peligro<span class='pricing-mark'><\/span><\/li> <li>Comunicaci\u00f3n de los peligros<span class='pricing-mark'><\/span><\/li> <li>Equipo de protecci\u00f3n personal<span class='pricing-mark'><\/span><\/li> <li>Instrumentos<span class='pricing-mark'><\/span><\/li> <li>Descontaminaci\u00f3n y respuesta a emergencias<span class='pricing-mark'><\/span><\/li> <li>Sistema de comando de incidente<span class='pricing-mark'><\/span><\/li> <li>Espacios confinados<span class='pricing-mark'><\/span><\/li>\n\t\t\t\t\t<\/ul>\n\t\t\t\t<\/div> <!-- end .pricing-content -->\n\n\t\t\t\t<div class='pricing-content-bottom'>\n\t\t\t\t\t<span class='et-price'><span class='dollar-sign'>\u00a1<\/span>Info!<sup><\/sup><\/span>\n\t\t\t\t<\/div> <!-- end .pricing-content-bottom -->\n\n\t\t\t\t<a href='http:\/\/siind.com\/?page_id=14' class='icon-button'>Aqu\u00ed<\/a>\n\t\t\t<\/div> <!-- end .pricing-table-wrap -->\n\t\t<\/div> <!-- end .pricing-table --><\/p>\n<p style=\"text-align: justify;\">\n\t\t<div class='pricing-table'>\n\t\t\t<div class='pricing-table-wrap'>\n\t\t\t\t<div class='pricing-heading'>\n\t\t\t\t\t<h2 class='pricing-title'>RCP<\/h2>\n\t\t\t\t\t<p>RESUCITACI\u00d3N CARDIO PULMONAR RCP<\/p>\n\t\t\t\t<\/div> <!-- end .pricing-heading -->\n\n\t\t\t\t<div class='pricing-content'>\n\t\t\t\t\t<ul class='pricing'>\n\t\t\t\t\t\t<li>Evaluaci\u00f3n primaria<span class='pricing-mark'><\/span><\/li> <li>Intervenciones necesarias para salvar las victimas<span class='pricing-mark'><\/span><\/li> <li>Evaluaci\u00f3n de la escena<span class='pricing-mark'><\/span><\/li> <li>Evaluaci\u00f3n del estado de conciencia de la victima<span class='pricing-mark'><\/span><\/li> <li>Evaluaci\u00f3n de la respiraci\u00f3n<span class='pricing-mark'><\/span><\/li>\n\t\t\t\t\t<\/ul>\n\t\t\t\t<\/div> <!-- end .pricing-content -->\n\n\t\t\t\t<div class='pricing-content-bottom'>\n\t\t\t\t\t<span class='et-price'><span class='dollar-sign'>\u00a1<\/span>Info!<sup><\/sup><\/span>\n\t\t\t\t<\/div> <!-- end .pricing-content-bottom -->\n\n\t\t\t\t<a href='http:\/\/siind.com\/?page_id=14' class='icon-button'>Aqu\u00ed<\/a>\n\t\t\t<\/div> <!-- end .pricing-table-wrap -->\n\t\t<\/div> <!-- end .pricing-table --><\/p>\n<p style=\"text-align: justify;\">\n\t\t<div class='pricing-table'>\n\t\t\t<div class='pricing-table-wrap'>\n\t\t\t\t<div class='pricing-heading'>\n\t\t\t\t\t<h2 class='pricing-title'>SE<\/h2>\n\t\t\t\t\t<p>SEGURIDAD EL\u00c9CTRICA<\/p>\n\t\t\t\t<\/div> <!-- end .pricing-heading -->\n\n\t\t\t\t<div class='pricing-content'>\n\t\t\t\t\t<ul class='pricing'>\n\t\t\t\t\t\t<li>Procedimientos para la ejecuci\u00f3n de trabajos en sistemas el\u00e9ctricos<span class='pricing-mark'><\/span><\/li> <li>Requerimientos m\u00ednimos para la ejecuci\u00f3n segura en sistemas el\u00e9ctricos<span class='pricing-mark'><\/span><\/li>\n\t\t\t\t\t<\/ul>\n\t\t\t\t<\/div> <!-- end .pricing-content -->\n\n\t\t\t\t<div class='pricing-content-bottom'>\n\t\t\t\t\t<span class='et-price'><span class='dollar-sign'>\u00a1<\/span>Info!<sup><\/sup><\/span>\n\t\t\t\t<\/div> <!-- end .pricing-content-bottom -->\n\n\t\t\t\t<a href='http:\/\/siind.com\/?page_id=14' class='icon-button'>Aqu\u00ed<\/a>\n\t\t\t<\/div> <!-- end .pricing-table-wrap -->\n\t\t<\/div> <!-- end .pricing-table --><\/p>\n<p style=\"text-align: justify;\">\n\t\t<\/div> <!-- end .et-pricing --><\/p>\n<p style=\"text-align: justify;\"><img decoding=\"async\" loading=\"lazy\" class=\"alignnone size-full wp-image-103\" src=\"http:\/\/siind.com\/wp-content\/uploads\/2014\/05\/cursos5.jpg\" alt=\"cursos5\" width=\"1024\" height=\"81\" srcset=\"https:\/\/siind.com\/wp-content\/uploads\/2014\/05\/cursos5.jpg 1024w, https:\/\/siind.com\/wp-content\/uploads\/2014\/05\/cursos5-300x23.jpg 300w\" sizes=\"(max-width: 1024px) 100vw, 1024px\" \/><\/p>\n<p style=\"text-align: justify;\">\n\t\t<div class='et-pricing clearfix'>\n\t\t\t<p style=\"text-align: justify;\">\n\t\t<div class='pricing-table'>\n\t\t\t<div class='pricing-table-wrap'>\n\t\t\t\t<div class='pricing-heading'>\n\t\t\t\t\t<h2 class='pricing-title'>STA<\/h2>\n\t\t\t\t\t<p>SEGURIDAD PARA TRABAJOS EN ALTURAS<\/p>\n\t\t\t\t<\/div> <!-- end .pricing-heading -->\n\n\t\t\t\t<div class='pricing-content'>\n\t\t\t\t\t<ul class='pricing'>\n\t\t\t\t\t\t<li>Obligaciones patr\u00f3n, trabajadores<span class='pricing-mark'><\/span><\/li> <li>Medidas generales de seguridad<span class='pricing-mark'><\/span><\/li> <li>Sistemas personales para trabajo en alturas<span class='pricing-mark'><\/span><\/li> <li>Sistemas de protecci\u00f3n personal para interrumpir ca\u00eddas<span class='pricing-mark'><\/span><\/li>\n\t\t\t\t\t<\/ul>\n\t\t\t\t<\/div> <!-- end .pricing-content -->\n\n\t\t\t\t<div class='pricing-content-bottom'>\n\t\t\t\t\t<span class='et-price'><span class='dollar-sign'>\u00a1<\/span>Info!<sup><\/sup><\/span>\n\t\t\t\t<\/div> <!-- end .pricing-content-bottom -->\n\n\t\t\t\t<a href='http:\/\/siind.com\/?page_id=14' class='icon-button'>Aqu\u00ed<\/a>\n\t\t\t<\/div> <!-- end .pricing-table-wrap -->\n\t\t<\/div> <!-- end .pricing-table --><\/p>\n<p style=\"text-align: justify;\">\n\t\t<\/div> <!-- end .et-pricing --><\/p>\n","protected":false},"excerpt":{"rendered":"","protected":false},"author":1,"featured_media":0,"parent":0,"menu_order":0,"comment_status":"open","ping_status":"open","template":"page-full.php","meta":[],"_links":{"self":[{"href":"https:\/\/siind.com\/index.php?rest_route=\/wp\/v2\/pages\/67"}],"collection":[{"href":"https:\/\/siind.com\/index.php?rest_route=\/wp\/v2\/pages"}],"about":[{"href":"https:\/\/siind.com\/index.php?rest_route=\/wp\/v2\/types\/page"}],"author":[{"embeddable":true,"href":"https:\/\/siind.com\/index.php?rest_route=\/wp\/v2\/users\/1"}],"replies":[{"embeddable":true,"href":"https:\/\/siind.com\/index.php?rest_route=%2Fwp%2Fv2%2Fcomments&post=67"}],"version-history":[{"count":33,"href":"https:\/\/siind.com\/index.php?rest_route=\/wp\/v2\/pages\/67\/revisions"}],"predecessor-version":[{"id":183,"href":"https:\/\/siind.com\/index.php?rest_route=\/wp\/v2\/pages\/67\/revisions\/183"}],"wp:attachment":[{"href":"https:\/\/siind.com\/index.php?rest_route=%2Fwp%2Fv2%2Fmedia&parent=67"}],"curies":[{"name":"wp","href":"https:\/\/api.w.org\/{rel}","templated":true}]}}