{"id":6,"date":"2014-04-22T15:53:51","date_gmt":"2014-04-22T15:53:51","guid":{"rendered":"http:\/\/siind.com\/?page_id=6"},"modified":"2014-05-24T20:07:08","modified_gmt":"2014-05-24T20:07:08","slug":"siind","status":"publish","type":"page","link":"https:\/\/siind.com\/","title":{"rendered":"Nosotros"},"content":{"rendered":"<p style=\"text-align: justify;\">SiiND, Servicios Integrales e Industriales provee de servicios a la Industria Maquiladora, venta de equipo neum\u00e1tico, el\u00e9ctrico y tableros de control el\u00e9ctrico, cursos de seguridad industrial, material de limpieza y equipo de seguridad industrial.<\/p>\n<p style=\"text-align: justify;\">SiiND:\u00a0calidad en el Norte de M\u00e9xico.<\/p>\n","protected":false},"excerpt":{"rendered":"<p>SiiND, Servicios Integrales e Industriales provee de servicios a la Industria Maquiladora, venta de equipo neum\u00e1tico, el\u00e9ctrico y tableros de control el\u00e9ctrico, cursos de seguridad industrial, material de limpieza y equipo de seguridad industrial. SiiND:\u00a0calidad en el Norte de M\u00e9xico.<\/p>\n","protected":false},"author":1,"featured_media":7,"parent":0,"menu_order":0,"comment_status":"open","ping_status":"open","template":"","meta":[],"_links":{"self":[{"href":"https:\/\/siind.com\/index.php?rest_route=\/wp\/v2\/pages\/6"}],"collection":[{"href":"https:\/\/siind.com\/index.php?rest_route=\/wp\/v2\/pages"}],"about":[{"href":"https:\/\/siind.com\/index.php?rest_route=\/wp\/v2\/types\/page"}],"author":[{"embeddable":true,"href":"https:\/\/siind.com\/index.php?rest_route=\/wp\/v2\/users\/1"}],"replies":[{"embeddable":true,"href":"https:\/\/siind.com\/index.php?rest_route=%2Fwp%2Fv2%2Fcomments&post=6"}],"version-history":[{"count":9,"href":"https:\/\/siind.com\/index.php?rest_route=\/wp\/v2\/pages\/6\/revisions"}],"predecessor-version":[{"id":181,"href":"https:\/\/siind.com\/index.php?rest_route=\/wp\/v2\/pages\/6\/revisions\/181"}],"wp:featuredmedia":[{"embeddable":true,"href":"https:\/\/siind.com\/index.php?rest_route=\/wp\/v2\/media\/7"}],"wp:attachment":[{"href":"https:\/\/siind.com\/index.php?rest_route=%2Fwp%2Fv2%2Fmedia&parent=6"}],"curies":[{"name":"wp","href":"https:\/\/api.w.org\/{rel}","templated":true}]}}