{"id":185,"date":"2014-05-24T20:46:52","date_gmt":"2014-05-24T20:46:52","guid":{"rendered":"http:\/\/siind.com\/?page_id=185"},"modified":"2014-05-24T20:53:49","modified_gmt":"2014-05-24T20:53:49","slug":"tableros-de-control-electrico-2","status":"publish","type":"page","link":"https:\/\/siind.com\/?page_id=185","title":{"rendered":"Tableros de Control El\u00e9ctrico"},"content":{"rendered":"<p style=\"text-align: justify;\">Tableros de Control El\u00e9ctrico de alta manufactura y calidad, aptos para el ensamblaje, instalaci\u00f3n y montaje el\u00e9ctrico de acuerdo con los m\u00e1s\u00a0exigentes est\u00e1ndares de la industria internacional.<\/p>\n<p style=\"text-align: justify;\">Consulta nuestros productos <a title=\"Cat\u00e1logo de Tableros\" href=\"http:\/\/siind.com\/?page_id=141\">aqu\u00ed<\/a><\/p>\n","protected":false},"excerpt":{"rendered":"<p>Tableros de Control El\u00e9ctrico de alta manufactura y calidad, aptos para el ensamblaje, instalaci\u00f3n y montaje el\u00e9ctrico de acuerdo con los m\u00e1s\u00a0exigentes est\u00e1ndares de la industria internacional. Consulta nuestros productos aqu\u00ed<\/p>\n","protected":false},"author":1,"featured_media":186,"parent":0,"menu_order":0,"comment_status":"open","ping_status":"open","template":"","meta":[],"_links":{"self":[{"href":"https:\/\/siind.com\/index.php?rest_route=\/wp\/v2\/pages\/185"}],"collection":[{"href":"https:\/\/siind.com\/index.php?rest_route=\/wp\/v2\/pages"}],"about":[{"href":"https:\/\/siind.com\/index.php?rest_route=\/wp\/v2\/types\/page"}],"author":[{"embeddable":true,"href":"https:\/\/siind.com\/index.php?rest_route=\/wp\/v2\/users\/1"}],"replies":[{"embeddable":true,"href":"https:\/\/siind.com\/index.php?rest_route=%2Fwp%2Fv2%2Fcomments&post=185"}],"version-history":[{"count":7,"href":"https:\/\/siind.com\/index.php?rest_route=\/wp\/v2\/pages\/185\/revisions"}],"predecessor-version":[{"id":194,"href":"https:\/\/siind.com\/index.php?rest_route=\/wp\/v2\/pages\/185\/revisions\/194"}],"wp:featuredmedia":[{"embeddable":true,"href":"https:\/\/siind.com\/index.php?rest_route=\/wp\/v2\/media\/186"}],"wp:attachment":[{"href":"https:\/\/siind.com\/index.php?rest_route=%2Fwp%2Fv2%2Fmedia&parent=185"}],"curies":[{"name":"wp","href":"https:\/\/api.w.org\/{rel}","templated":true}]}}