{"id":17,"date":"2014-04-22T16:14:25","date_gmt":"2014-04-22T16:14:25","guid":{"rendered":"http:\/\/siind.com\/?page_id=17"},"modified":"2014-05-24T20:34:30","modified_gmt":"2014-05-24T20:34:30","slug":"equipos","status":"publish","type":"page","link":"https:\/\/siind.com\/?page_id=17","title":{"rendered":"Equipos de Seguridad"},"content":{"rendered":"<p style=\"text-align: justify;\">Distribuidores de equipos industriales de diversas caracter\u00edsticas, tales como 3M, MSA, JYRSA, TYVEK y Master Lock,\u00a0de acuerdo con los m\u00e1s estrictos est\u00e1ndares de la industria.<\/p>\n<p style=\"text-align: justify;\">\n<p style=\"text-align: justify;\">Para ver nuestro cat\u00e1logo de equipos, por favor haz\u00a0<a title=\"Cat\u00e1logo de Equipos\" href=\"http:\/\/siind.com\/?page_id=105\">clic aqu\u00ed<\/a><\/p>\n","protected":false},"excerpt":{"rendered":"<p>Distribuidores de equipos industriales de diversas caracter\u00edsticas, tales como 3M, MSA, JYRSA, TYVEK y Master Lock,\u00a0de acuerdo con los m\u00e1s estrictos est\u00e1ndares de la industria. Para ver nuestro cat\u00e1logo de equipos, por favor haz\u00a0clic aqu\u00ed<\/p>\n","protected":false},"author":1,"featured_media":132,"parent":0,"menu_order":0,"comment_status":"open","ping_status":"open","template":"","meta":[],"_links":{"self":[{"href":"https:\/\/siind.com\/index.php?rest_route=\/wp\/v2\/pages\/17"}],"collection":[{"href":"https:\/\/siind.com\/index.php?rest_route=\/wp\/v2\/pages"}],"about":[{"href":"https:\/\/siind.com\/index.php?rest_route=\/wp\/v2\/types\/page"}],"author":[{"embeddable":true,"href":"https:\/\/siind.com\/index.php?rest_route=\/wp\/v2\/users\/1"}],"replies":[{"embeddable":true,"href":"https:\/\/siind.com\/index.php?rest_route=%2Fwp%2Fv2%2Fcomments&post=17"}],"version-history":[{"count":12,"href":"https:\/\/siind.com\/index.php?rest_route=\/wp\/v2\/pages\/17\/revisions"}],"predecessor-version":[{"id":182,"href":"https:\/\/siind.com\/index.php?rest_route=\/wp\/v2\/pages\/17\/revisions\/182"}],"wp:featuredmedia":[{"embeddable":true,"href":"https:\/\/siind.com\/index.php?rest_route=\/wp\/v2\/media\/132"}],"wp:attachment":[{"href":"https:\/\/siind.com\/index.php?rest_route=%2Fwp%2Fv2%2Fmedia&parent=17"}],"curies":[{"name":"wp","href":"https:\/\/api.w.org\/{rel}","templated":true}]}}